{"id":27,"date":"2015-09-04T11:38:12","date_gmt":"2015-09-04T10:38:12","guid":{"rendered":"http:\/\/www.ohrestueber.ch\/?page_id=27"},"modified":"2024-09-11T11:18:48","modified_gmt":"2024-09-11T10:18:48","slug":"home","status":"publish","type":"page","link":"https:\/\/www.ohrestueber.ch\/","title":{"rendered":"Home"},"content":{"rendered":"\n<p><strong>Ohrest\u00fcber Musikanten<\/strong><\/p>\n\n\n\n<p>Der Wunsch vieler Bl\u00e4ser ist wohl das Zusammenspiel in einer kleinen Gruppe. Wenn&#8217;s dann um Volksmusik geht, nennt sich das Bauernkapelle. Die zahlreichen Grossveranstaltungen sowie schweizerische Wettbewerbe beweisen die Beliebtheit solcher Formationen.<\/p>\n\n\n\n<p>Wir &#8222;Ohrest\u00fcber Musikanten Obfelden&#8220; gegr\u00fcndet 1992 betreiben unter der Leitung von Robert Huber diese Art Musik. Mit ca. 10 Mitspielern durften wir schon viele Anl\u00e4sse musikalisch umrahmen zB. L\u00e4ndlermusiktreffen, Einweihungen, Geburtstage, Festanl\u00e4ssen. Die vielen Anfragen best\u00e4tigen doch unser Bem\u00fchen.<\/p>\n\n\n\n<p>Mit einer Probe pro Woche wollen wir auch zuk\u00fcnftig das musikalische Niveau halten und ausbauen.<\/p>\n\n\n\n<ul class=\"wp-block-list\">\n<li><strong>N\u00e4chster Auftritt: <\/strong>\n<ul class=\"wp-block-list\">\n<li><strong>Sonntag, 15. September 2024, <a href=\"https:\/\/litzi.ch\/\">Restaurant Litzi<\/a> Jonen, 11-13 Uhr<\/strong><\/li>\n\n\n\n<li><a href=\"https:\/\/www.ohrestueber.ch\/?page_id=71\"><strong>Veranstaltungen 2024<\/strong><\/a><\/li>\n<\/ul>\n<\/li>\n<\/ul>\n","protected":false},"excerpt":{"rendered":"<p>Ohrest\u00fcber Musikanten Der Wunsch vieler Bl\u00e4ser ist wohl das Zusammenspiel in einer kleinen Gruppe. Wenn&#8217;s dann um Volksmusik geht, nennt sich das Bauernkapelle. Die zahlreichen Grossveranstaltungen sowie schweizerische Wettbewerbe beweisen die Beliebtheit solcher Formationen.&#46;&#46;&#46;<\/p>\n","protected":false},"author":1,"featured_media":0,"parent":0,"menu_order":1,"comment_status":"closed","ping_status":"closed","template":"","meta":{"advgb_blocks_editor_width":"","advgb_blocks_columns_visual_guide":"","footnotes":""},"class_list":["post-27","page","type-page","status-publish","hentry"],"coauthors":[],"author_meta":{"author_link":"https:\/\/www.ohrestueber.ch\/?author=1","display_name":"admin"},"relative_dates":{"created":"Posted 11 Jahren ago","modified":"Updated 2 Jahren ago"},"absolute_dates":{"created":"Posted on 4. September 2015","modified":"Updated on 11. September 2024"},"absolute_dates_time":{"created":"Posted on 4. September 2015 11:38","modified":"Updated on 11. September 2024 11:18"},"featured_img_caption":"","featured_img":false,"series_order":"","_links":{"self":[{"href":"https:\/\/www.ohrestueber.ch\/index.php?rest_route=\/wp\/v2\/pages\/27","targetHints":{"allow":["GET"]}}],"collection":[{"href":"https:\/\/www.ohrestueber.ch\/index.php?rest_route=\/wp\/v2\/pages"}],"about":[{"href":"https:\/\/www.ohrestueber.ch\/index.php?rest_route=\/wp\/v2\/types\/page"}],"author":[{"embeddable":true,"href":"https:\/\/www.ohrestueber.ch\/index.php?rest_route=\/wp\/v2\/users\/1"}],"replies":[{"embeddable":true,"href":"https:\/\/www.ohrestueber.ch\/index.php?rest_route=%2Fwp%2Fv2%2Fcomments&post=27"}],"version-history":[{"count":55,"href":"https:\/\/www.ohrestueber.ch\/index.php?rest_route=\/wp\/v2\/pages\/27\/revisions"}],"predecessor-version":[{"id":756,"href":"https:\/\/www.ohrestueber.ch\/index.php?rest_route=\/wp\/v2\/pages\/27\/revisions\/756"}],"wp:attachment":[{"href":"https:\/\/www.ohrestueber.ch\/index.php?rest_route=%2Fwp%2Fv2%2Fmedia&parent=27"}],"curies":[{"name":"wp","href":"https:\/\/api.w.org\/{rel}","templated":true}]}}